{"id":853,"date":"2025-06-10T15:25:56","date_gmt":"2025-06-10T13:25:56","guid":{"rendered":"https:\/\/scheidecker-fils.com\/?page_id=853"},"modified":"2025-06-10T15:45:26","modified_gmt":"2025-06-10T13:45:26","slug":"nos-eaux-de-vie","status":"publish","type":"page","link":"https:\/\/scheidecker-fils.com\/en\/nos-eaux-de-vie\/","title":{"rendered":"Nos eaux-de-vie"},"content":{"rendered":"<div data-elementor-type=\"wp-page\" data-elementor-id=\"853\" class=\"elementor elementor-853\" data-elementor-post-type=\"page\">\n\t\t\t\t<div class=\"elementor-element elementor-element-64d7dc87 e-flex e-con-boxed e-con e-parent\" data-id=\"64d7dc87\" data-element_type=\"container\" data-e-type=\"container\" data-settings=\"{&quot;background_background&quot;:&quot;classic&quot;}\">\n\t\t\t\t\t<div class=\"e-con-inner\">\n\t\t\t\t<div class=\"elementor-element elementor-element-62fd60af elementor-widget elementor-widget-heading\" data-id=\"62fd60af\" data-element_type=\"widget\" data-e-type=\"widget\" data-widget_type=\"heading.default\">\n\t\t\t\t<div class=\"elementor-widget-container\">\n\t\t\t\t\t<h1 class=\"elementor-heading-title elementor-size-default\">NOS EAUX-DE-VIE<\/h1>\t\t\t\t<\/div>\n\t\t\t\t<\/div>\n\t\t\t\t<div class=\"elementor-element elementor-element-155e51ff elementor-widget elementor-widget-heading\" data-id=\"155e51ff\" data-element_type=\"widget\" data-e-type=\"widget\" data-widget_type=\"heading.default\">\n\t\t\t\t<div class=\"elementor-widget-container\">\n\t\t\t\t\t<h2 class=\"elementor-heading-title elementor-size-default\">D\u00e9couvrez toutes nos eaux-de-vie<\/h2>\t\t\t\t<\/div>\n\t\t\t\t<\/div>\n\t\t\t\t\t<\/div>\n\t\t\t\t<\/div>\n\t\t<div class=\"elementor-element elementor-element-13d43453 e-con-full e-flex e-con e-parent\" data-id=\"13d43453\" data-element_type=\"container\" data-e-type=\"container\">\n\t\t<div class=\"elementor-element elementor-element-42905dcd e-con-full e-flex e-con e-child\" data-id=\"42905dcd\" data-element_type=\"container\" data-e-type=\"container\">\n\t\t\t\t<div class=\"elementor-element elementor-element-1258ef15 elementor-cta--layout-image-left elementor-cta--skin-classic elementor-animated-content elementor-widget elementor-widget-call-to-action\" data-id=\"1258ef15\" data-element_type=\"widget\" data-e-type=\"widget\" data-widget_type=\"call-to-action.default\">\n\t\t\t\t<div class=\"elementor-widget-container\">\n\t\t\t\t\t\t\t<div class=\"elementor-cta\">\n\t\t\t\t\t<div class=\"elementor-cta__bg-wrapper\">\n\t\t\t\t<div class=\"elementor-cta__bg elementor-bg\" style=\"background-image: url(https:\/\/scheidecker-fils.com\/wp-content\/uploads\/2025\/06\/Marc-de-Gewurztraminer.png);\" role=\"img\" aria-label=\"Marc de Gewurztraminer\"><\/div>\n\t\t\t\t<div class=\"elementor-cta__bg-overlay\"><\/div>\n\t\t\t<\/div>\n\t\t\t\t\t\t\t<div class=\"elementor-cta__content\">\n\t\t\t\t\n\t\t\t\t\t\t\t\t\t<h2 class=\"elementor-cta__title elementor-cta__content-item elementor-content-item\">\n\t\t\t\t\t\tAOP Marc d\u2019Alsace Gewurztraminer\t\t\t\t\t<\/h2>\n\t\t\t\t\n\t\t\t\t\n\t\t\t\t\t\t\t\t\t<div class=\"elementor-cta__button-wrapper elementor-cta__content-item elementor-content-item\">\n\t\t\t\t\t<a class=\"elementor-cta__button elementor-button elementor-size-\" href=\"https:\/\/scheidecker-fils.com\/en\/product\/aop-marc-dalsace-de-gewurztraminer\/\">\n\t\t\t\t\t\tSee more\t\t\t\t\t<\/a>\n\t\t\t\t\t<\/div>\n\t\t\t\t\t\t\t<\/div>\n\t\t\t\t\t\t<\/div>\n\t\t\t\t\t\t<\/div>\n\t\t\t\t<\/div>\n\t\t\t\t<div class=\"elementor-element elementor-element-d67b1e0 elementor-cta--layout-image-left elementor-cta--skin-classic elementor-animated-content elementor-widget elementor-widget-call-to-action\" data-id=\"d67b1e0\" data-element_type=\"widget\" data-e-type=\"widget\" data-widget_type=\"call-to-action.default\">\n\t\t\t\t<div class=\"elementor-widget-container\">\n\t\t\t\t\t\t\t<div class=\"elementor-cta\">\n\t\t\t\t\t<div class=\"elementor-cta__bg-wrapper\">\n\t\t\t\t<div class=\"elementor-cta__bg elementor-bg\" style=\"background-image: url(https:\/\/scheidecker-fils.com\/wp-content\/uploads\/2025\/06\/Mirabelle.png);\" role=\"img\" aria-label=\"Mirabelle\"><\/div>\n\t\t\t\t<div class=\"elementor-cta__bg-overlay\"><\/div>\n\t\t\t<\/div>\n\t\t\t\t\t\t\t<div class=\"elementor-cta__content\">\n\t\t\t\t\n\t\t\t\t\t\t\t\t\t<h2 class=\"elementor-cta__title elementor-cta__content-item elementor-content-item\">\n\t\t\t\t\t\tMIRABELLE\t\t\t\t\t<\/h2>\n\t\t\t\t\n\t\t\t\t\n\t\t\t\t\t\t\t\t\t<div class=\"elementor-cta__button-wrapper elementor-cta__content-item elementor-content-item\">\n\t\t\t\t\t<a class=\"elementor-cta__button elementor-button elementor-size-\" href=\"https:\/\/scheidecker-fils.com\/en\/product\/mirabelle\/\">\n\t\t\t\t\t\tSee more\t\t\t\t\t<\/a>\n\t\t\t\t\t<\/div>\n\t\t\t\t\t\t\t<\/div>\n\t\t\t\t\t\t<\/div>\n\t\t\t\t\t\t<\/div>\n\t\t\t\t<\/div>\n\t\t\t\t<div class=\"elementor-element elementor-element-46c180c2 elementor-cta--layout-image-left elementor-cta--skin-classic elementor-animated-content elementor-widget elementor-widget-call-to-action\" data-id=\"46c180c2\" data-element_type=\"widget\" data-e-type=\"widget\" data-widget_type=\"call-to-action.default\">\n\t\t\t\t<div class=\"elementor-widget-container\">\n\t\t\t\t\t\t\t<div class=\"elementor-cta\">\n\t\t\t\t\t<div class=\"elementor-cta__bg-wrapper\">\n\t\t\t\t<div class=\"elementor-cta__bg elementor-bg\" style=\"background-image: url(https:\/\/scheidecker-fils.com\/wp-content\/uploads\/2025\/06\/Framboise.png);\" role=\"img\" aria-label=\"Framboise\"><\/div>\n\t\t\t\t<div class=\"elementor-cta__bg-overlay\"><\/div>\n\t\t\t<\/div>\n\t\t\t\t\t\t\t<div class=\"elementor-cta__content\">\n\t\t\t\t\n\t\t\t\t\t\t\t\t\t<h2 class=\"elementor-cta__title elementor-cta__content-item elementor-content-item\">\n\t\t\t\t\t\tFRAMBOISE\t\t\t\t\t<\/h2>\n\t\t\t\t\n\t\t\t\t\n\t\t\t\t\t\t\t\t\t<div class=\"elementor-cta__button-wrapper elementor-cta__content-item elementor-content-item\">\n\t\t\t\t\t<a class=\"elementor-cta__button elementor-button elementor-size-\" href=\"https:\/\/scheidecker-fils.com\/en\/product\/framboise\/\">\n\t\t\t\t\t\tSee more\t\t\t\t\t<\/a>\n\t\t\t\t\t<\/div>\n\t\t\t\t\t\t\t<\/div>\n\t\t\t\t\t\t<\/div>\n\t\t\t\t\t\t<\/div>\n\t\t\t\t<\/div>\n\t\t\t\t<\/div>\n\t\t<div class=\"elementor-element elementor-element-481f6991 e-con-full e-flex e-con e-child\" data-id=\"481f6991\" data-element_type=\"container\" data-e-type=\"container\">\n\t\t\t\t<div class=\"elementor-element elementor-element-3c7d5e3a elementor-cta--layout-image-left elementor-cta--skin-classic elementor-animated-content elementor-widget elementor-widget-call-to-action\" data-id=\"3c7d5e3a\" data-element_type=\"widget\" data-e-type=\"widget\" data-widget_type=\"call-to-action.default\">\n\t\t\t\t<div class=\"elementor-widget-container\">\n\t\t\t\t\t\t\t<div class=\"elementor-cta\">\n\t\t\t\t\t<div class=\"elementor-cta__bg-wrapper\">\n\t\t\t\t<div class=\"elementor-cta__bg elementor-bg\" style=\"background-image: url(https:\/\/scheidecker-fils.com\/wp-content\/uploads\/2025\/06\/Poire.png);\" role=\"img\" aria-label=\"Poire\"><\/div>\n\t\t\t\t<div class=\"elementor-cta__bg-overlay\"><\/div>\n\t\t\t<\/div>\n\t\t\t\t\t\t\t<div class=\"elementor-cta__content\">\n\t\t\t\t\n\t\t\t\t\t\t\t\t\t<h2 class=\"elementor-cta__title elementor-cta__content-item elementor-content-item\">\n\t\t\t\t\t\tPoire\t\t\t\t\t<\/h2>\n\t\t\t\t\n\t\t\t\t\n\t\t\t\t\t\t\t\t\t<div class=\"elementor-cta__button-wrapper elementor-cta__content-item elementor-content-item\">\n\t\t\t\t\t<a class=\"elementor-cta__button elementor-button elementor-size-\" href=\"https:\/\/scheidecker-fils.com\/en\/product\/poire\/\">\n\t\t\t\t\t\tSee more\t\t\t\t\t<\/a>\n\t\t\t\t\t<\/div>\n\t\t\t\t\t\t\t<\/div>\n\t\t\t\t\t\t<\/div>\n\t\t\t\t\t\t<\/div>\n\t\t\t\t<\/div>\n\t\t\t\t<div class=\"elementor-element elementor-element-25a8bac elementor-cta--layout-image-left elementor-cta--skin-classic elementor-animated-content elementor-widget elementor-widget-call-to-action\" data-id=\"25a8bac\" data-element_type=\"widget\" data-e-type=\"widget\" data-widget_type=\"call-to-action.default\">\n\t\t\t\t<div class=\"elementor-widget-container\">\n\t\t\t\t\t\t\t<div class=\"elementor-cta\">\n\t\t\t\t\t<div class=\"elementor-cta__bg-wrapper\">\n\t\t\t\t<div class=\"elementor-cta__bg elementor-bg\" style=\"background-image: url(https:\/\/scheidecker-fils.com\/wp-content\/uploads\/2025\/06\/Kirsch.png);\" role=\"img\" aria-label=\"Kirsch\"><\/div>\n\t\t\t\t<div class=\"elementor-cta__bg-overlay\"><\/div>\n\t\t\t<\/div>\n\t\t\t\t\t\t\t<div class=\"elementor-cta__content\">\n\t\t\t\t\n\t\t\t\t\t\t\t\t\t<h2 class=\"elementor-cta__title elementor-cta__content-item elementor-content-item\">\n\t\t\t\t\t\tKIRSCH\t\t\t\t\t<\/h2>\n\t\t\t\t\n\t\t\t\t\n\t\t\t\t\t\t\t\t\t<div class=\"elementor-cta__button-wrapper elementor-cta__content-item elementor-content-item\">\n\t\t\t\t\t<a class=\"elementor-cta__button elementor-button elementor-size-\" href=\"https:\/\/scheidecker-fils.com\/en\/product\/kirsch\/\">\n\t\t\t\t\t\tSee more\t\t\t\t\t<\/a>\n\t\t\t\t\t<\/div>\n\t\t\t\t\t\t\t<\/div>\n\t\t\t\t\t\t<\/div>\n\t\t\t\t\t\t<\/div>\n\t\t\t\t<\/div>\n\t\t\t\t<\/div>\n\t\t\t\t<\/div>\n\t\t\t\t<\/div>","protected":false},"excerpt":{"rendered":"<p>NOS EAUX-DE-VIE D\u00e9couvrez toutes nos eaux-de-vie AOP Marc d\u2019Alsace Gewurztraminer D\u00e9couvrir MIRABELLE D\u00e9couvrir FRAMBOISE D\u00e9couvrir Poire D\u00e9couvrir KIRSCH D\u00e9couvrir<\/p>","protected":false},"author":1,"featured_media":0,"parent":0,"menu_order":0,"comment_status":"closed","ping_status":"closed","template":"","meta":{"footnotes":""},"class_list":["post-853","page","type-page","status-publish","hentry"],"yoast_head":"<!-- This site is optimized with the Yoast SEO plugin v27.1.1 - https:\/\/yoast.com\/product\/yoast-seo-wordpress\/ -->\n<title>Nos eaux-de-vie - Scheidecker &amp; Fils<\/title>\n<meta name=\"robots\" content=\"index, follow, max-snippet:-1, max-image-preview:large, max-video-preview:-1\" \/>\n<link rel=\"canonical\" href=\"https:\/\/scheidecker-fils.com\/en\/nos-eaux-de-vie\/\" \/>\n<meta property=\"og:locale\" content=\"en_GB\" \/>\n<meta property=\"og:type\" content=\"article\" \/>\n<meta property=\"og:title\" content=\"Nos eaux-de-vie - Scheidecker &amp; Fils\" \/>\n<meta property=\"og:description\" content=\"NOS EAUX-DE-VIE D\u00e9couvrez toutes nos eaux-de-vie AOP Marc d\u2019Alsace Gewurztraminer D\u00e9couvrir MIRABELLE D\u00e9couvrir FRAMBOISE D\u00e9couvrir Poire D\u00e9couvrir KIRSCH D\u00e9couvrir\" \/>\n<meta property=\"og:url\" content=\"https:\/\/scheidecker-fils.com\/en\/nos-eaux-de-vie\/\" \/>\n<meta property=\"og:site_name\" content=\"Scheidecker &amp; Fils\" \/>\n<meta property=\"article:publisher\" content=\"https:\/\/www.facebook.com\/DomaineScheideckeretFils\/?locale=fr_FR\" \/>\n<meta property=\"article:modified_time\" content=\"2025-06-10T13:45:26+00:00\" \/>\n<meta name=\"twitter:card\" content=\"summary_large_image\" \/>\n<script type=\"application\/ld+json\" class=\"yoast-schema-graph\">{\"@context\":\"https:\/\/schema.org\",\"@graph\":[{\"@type\":\"WebPage\",\"@id\":\"https:\/\/scheidecker-fils.com\/nos-eaux-de-vie\/\",\"url\":\"https:\/\/scheidecker-fils.com\/nos-eaux-de-vie\/\",\"name\":\"Nos eaux-de-vie - Scheidecker &amp; Fils\",\"isPartOf\":{\"@id\":\"https:\/\/scheidecker-fils.com\/#website\"},\"datePublished\":\"2025-06-10T13:25:56+00:00\",\"dateModified\":\"2025-06-10T13:45:26+00:00\",\"breadcrumb\":{\"@id\":\"https:\/\/scheidecker-fils.com\/nos-eaux-de-vie\/#breadcrumb\"},\"inLanguage\":\"en-GB\",\"potentialAction\":[{\"@type\":\"ReadAction\",\"target\":[\"https:\/\/scheidecker-fils.com\/nos-eaux-de-vie\/\"]}]},{\"@type\":\"BreadcrumbList\",\"@id\":\"https:\/\/scheidecker-fils.com\/nos-eaux-de-vie\/#breadcrumb\",\"itemListElement\":[{\"@type\":\"ListItem\",\"position\":1,\"name\":\"Accueil\",\"item\":\"https:\/\/scheidecker-fils.com\/\"},{\"@type\":\"ListItem\",\"position\":2,\"name\":\"Nos eaux-de-vie\"}]},{\"@type\":\"WebSite\",\"@id\":\"https:\/\/scheidecker-fils.com\/#website\",\"url\":\"https:\/\/scheidecker-fils.com\/\",\"name\":\"Scheidecker & Fils - Vins alsaciens\",\"description\":\"Vins d&#039;Alsace\",\"publisher\":{\"@id\":\"https:\/\/scheidecker-fils.com\/#organization\"},\"potentialAction\":[{\"@type\":\"SearchAction\",\"target\":{\"@type\":\"EntryPoint\",\"urlTemplate\":\"https:\/\/scheidecker-fils.com\/?s={search_term_string}\"},\"query-input\":{\"@type\":\"PropertyValueSpecification\",\"valueRequired\":true,\"valueName\":\"search_term_string\"}}],\"inLanguage\":\"en-GB\"},{\"@type\":\"Organization\",\"@id\":\"https:\/\/scheidecker-fils.com\/#organization\",\"name\":\"Scheidecker & Fils - Vins alsaciens\",\"url\":\"https:\/\/scheidecker-fils.com\/\",\"logo\":{\"@type\":\"ImageObject\",\"inLanguage\":\"en-GB\",\"@id\":\"https:\/\/scheidecker-fils.com\/#\/schema\/logo\/image\/\",\"url\":\"https:\/\/scheidecker-fils.com\/wp-content\/uploads\/2025\/05\/Logo-ScheideckerFils-Blanc.png\",\"contentUrl\":\"https:\/\/scheidecker-fils.com\/wp-content\/uploads\/2025\/05\/Logo-ScheideckerFils-Blanc.png\",\"width\":1784,\"height\":759,\"caption\":\"Scheidecker & Fils - Vins alsaciens\"},\"image\":{\"@id\":\"https:\/\/scheidecker-fils.com\/#\/schema\/logo\/image\/\"},\"sameAs\":[\"https:\/\/www.facebook.com\/DomaineScheideckeretFils\/?locale=fr_FR\"]}]}<\/script>\n<!-- \/ Yoast SEO plugin. -->","yoast_head_json":{"title":"Nos eaux-de-vie - Scheidecker &amp; Fils","robots":{"index":"index","follow":"follow","max-snippet":"max-snippet:-1","max-image-preview":"max-image-preview:large","max-video-preview":"max-video-preview:-1"},"canonical":"https:\/\/scheidecker-fils.com\/en\/nos-eaux-de-vie\/","og_locale":"en_GB","og_type":"article","og_title":"Nos eaux-de-vie - Scheidecker &amp; Fils","og_description":"NOS EAUX-DE-VIE D\u00e9couvrez toutes nos eaux-de-vie AOP Marc d\u2019Alsace Gewurztraminer D\u00e9couvrir MIRABELLE D\u00e9couvrir FRAMBOISE D\u00e9couvrir Poire D\u00e9couvrir KIRSCH D\u00e9couvrir","og_url":"https:\/\/scheidecker-fils.com\/en\/nos-eaux-de-vie\/","og_site_name":"Scheidecker &amp; Fils","article_publisher":"https:\/\/www.facebook.com\/DomaineScheideckeretFils\/?locale=fr_FR","article_modified_time":"2025-06-10T13:45:26+00:00","twitter_card":"summary_large_image","schema":{"@context":"https:\/\/schema.org","@graph":[{"@type":"WebPage","@id":"https:\/\/scheidecker-fils.com\/nos-eaux-de-vie\/","url":"https:\/\/scheidecker-fils.com\/nos-eaux-de-vie\/","name":"Nos eaux-de-vie - Scheidecker &amp; Fils","isPartOf":{"@id":"https:\/\/scheidecker-fils.com\/#website"},"datePublished":"2025-06-10T13:25:56+00:00","dateModified":"2025-06-10T13:45:26+00:00","breadcrumb":{"@id":"https:\/\/scheidecker-fils.com\/nos-eaux-de-vie\/#breadcrumb"},"inLanguage":"en-GB","potentialAction":[{"@type":"ReadAction","target":["https:\/\/scheidecker-fils.com\/nos-eaux-de-vie\/"]}]},{"@type":"BreadcrumbList","@id":"https:\/\/scheidecker-fils.com\/nos-eaux-de-vie\/#breadcrumb","itemListElement":[{"@type":"ListItem","position":1,"name":"Accueil","item":"https:\/\/scheidecker-fils.com\/"},{"@type":"ListItem","position":2,"name":"Nos eaux-de-vie"}]},{"@type":"WebSite","@id":"https:\/\/scheidecker-fils.com\/#website","url":"https:\/\/scheidecker-fils.com\/","name":"Scheidecker & Fils - Vins alsaciens","description":"Vins d&#039;Alsace","publisher":{"@id":"https:\/\/scheidecker-fils.com\/#organization"},"potentialAction":[{"@type":"SearchAction","target":{"@type":"EntryPoint","urlTemplate":"https:\/\/scheidecker-fils.com\/?s={search_term_string}"},"query-input":{"@type":"PropertyValueSpecification","valueRequired":true,"valueName":"search_term_string"}}],"inLanguage":"en-GB"},{"@type":"Organization","@id":"https:\/\/scheidecker-fils.com\/#organization","name":"Scheidecker & Fils - Vins alsaciens","url":"https:\/\/scheidecker-fils.com\/","logo":{"@type":"ImageObject","inLanguage":"en-GB","@id":"https:\/\/scheidecker-fils.com\/#\/schema\/logo\/image\/","url":"https:\/\/scheidecker-fils.com\/wp-content\/uploads\/2025\/05\/Logo-ScheideckerFils-Blanc.png","contentUrl":"https:\/\/scheidecker-fils.com\/wp-content\/uploads\/2025\/05\/Logo-ScheideckerFils-Blanc.png","width":1784,"height":759,"caption":"Scheidecker & Fils - Vins alsaciens"},"image":{"@id":"https:\/\/scheidecker-fils.com\/#\/schema\/logo\/image\/"},"sameAs":["https:\/\/www.facebook.com\/DomaineScheideckeretFils\/?locale=fr_FR"]}]}},"jetpack_sharing_enabled":true,"_links":{"self":[{"href":"https:\/\/scheidecker-fils.com\/en\/wp-json\/wp\/v2\/pages\/853","targetHints":{"allow":["GET"]}}],"collection":[{"href":"https:\/\/scheidecker-fils.com\/en\/wp-json\/wp\/v2\/pages"}],"about":[{"href":"https:\/\/scheidecker-fils.com\/en\/wp-json\/wp\/v2\/types\/page"}],"author":[{"embeddable":true,"href":"https:\/\/scheidecker-fils.com\/en\/wp-json\/wp\/v2\/users\/1"}],"replies":[{"embeddable":true,"href":"https:\/\/scheidecker-fils.com\/en\/wp-json\/wp\/v2\/comments?post=853"}],"version-history":[{"count":10,"href":"https:\/\/scheidecker-fils.com\/en\/wp-json\/wp\/v2\/pages\/853\/revisions"}],"predecessor-version":[{"id":876,"href":"https:\/\/scheidecker-fils.com\/en\/wp-json\/wp\/v2\/pages\/853\/revisions\/876"}],"wp:attachment":[{"href":"https:\/\/scheidecker-fils.com\/en\/wp-json\/wp\/v2\/media?parent=853"}],"curies":[{"name":"wp","href":"https:\/\/api.w.org\/{rel}","templated":true}]}}