{"id":395,"date":"2025-05-23T12:22:53","date_gmt":"2025-05-23T10:22:53","guid":{"rendered":"https:\/\/scheidecker-fils.com\/?post_type=product&#038;p=395"},"modified":"2026-01-17T10:41:55","modified_gmt":"2026-01-17T09:41:55","slug":"pinot-gris-reserve-2023-moelleux","status":"publish","type":"product","link":"http:\/\/scheidecker-fils.com\/en\/product\/pinot-gris-reserve-2023-moelleux\/","title":{"rendered":"Pinot Gris R\u00e9serve 2023 &#8211; Moelleux"},"content":{"rendered":"<p><strong>AOP ALSACE<\/strong><\/p>\n<p>Il est issu de nos vignes les plus anciennes, dont les racines sont profondes et la production de raisins plus faible. Parfum\u00e9s et concentr\u00e9s, nous r\u00e9coltons ces derniers en l\u00e9g\u00e8re surmaturit\u00e9 afin d\u2019obtenir une juste \u00e9quilibre entre rondeur et fra\u00eecheur.<\/p>\n<p><strong>D\u00c9GUSTATION<\/strong><\/p>\n<p>Belle robe jaune dor\u00e9<\/p>\n<p>Bouquet tout en rondeur \u00e9voquant les fruits m\u00fbrs et les parfums d\u2019automne<\/p>\n<p>Charpent\u00e9, rond et long en bouche, ar\u00f4mes complexes de sous-bois l\u00e9g\u00e8rement fum\u00e9s, subtile salinit\u00e9<\/p>\n<p><strong>ACCORDS METS &amp; VINS<\/strong><\/p>\n<p>Ap\u00e9ritif, foie gras, accords sucr\u00e9s\/sal\u00e9s, desserts<\/p>","protected":false},"excerpt":{"rendered":"<p>AOP ALSACE Il est issu de nos vignes les plus anciennes, dont les racines sont profondes et la production de raisins plus faible. Parfum\u00e9s et concentr\u00e9s, nous r\u00e9coltons ces derniers en l\u00e9g\u00e8re surmaturit\u00e9 afin d\u2019obtenir une juste \u00e9quilibre entre rondeur et fra\u00eecheur. D\u00c9GUSTATION Belle robe jaune dor\u00e9 Bouquet tout en rondeur \u00e9voquant les fruits m\u00fbrs [&hellip;]<\/p>\n","protected":false},"featured_media":833,"comment_status":"open","ping_status":"closed","template":"","meta":[],"product_brand":[],"product_cat":[29,33],"product_tag":[],"class_list":{"0":"post-395","1":"product","2":"type-product","3":"status-publish","4":"has-post-thumbnail","6":"product_cat-selection","7":"product_cat-vin","9":"first","10":"instock","11":"taxable","12":"shipping-taxable","13":"purchasable","14":"product-type-simple"},"yoast_head":"<!-- This site is optimized with the Yoast SEO plugin v27.1.1 - https:\/\/yoast.com\/product\/yoast-seo-wordpress\/ -->\n<title>Pinot Gris R\u00e9serve 2023 - Moelleux - Scheidecker &amp; Fils<\/title>\n<meta name=\"robots\" content=\"index, follow, max-snippet:-1, max-image-preview:large, max-video-preview:-1\" \/>\n<link rel=\"canonical\" href=\"https:\/\/scheidecker-fils.com\/en\/product\/pinot-gris-reserve-2023-moelleux\/\" \/>\n<meta property=\"og:locale\" content=\"en_GB\" \/>\n<meta property=\"og:type\" content=\"article\" \/>\n<meta property=\"og:title\" content=\"Pinot Gris R\u00e9serve 2023 - Moelleux - Scheidecker &amp; Fils\" \/>\n<meta property=\"og:description\" content=\"AOP ALSACE Il est issu de nos vignes les plus anciennes, dont les racines sont profondes et la production de raisins plus faible. Parfum\u00e9s et concentr\u00e9s, nous r\u00e9coltons ces derniers en l\u00e9g\u00e8re surmaturit\u00e9 afin d\u2019obtenir une juste \u00e9quilibre entre rondeur et fra\u00eecheur. D\u00c9GUSTATION Belle robe jaune dor\u00e9 Bouquet tout en rondeur \u00e9voquant les fruits m\u00fbrs [&hellip;]\" \/>\n<meta property=\"og:url\" content=\"https:\/\/scheidecker-fils.com\/en\/product\/pinot-gris-reserve-2023-moelleux\/\" \/>\n<meta property=\"og:site_name\" content=\"Scheidecker &amp; Fils\" \/>\n<meta property=\"article:publisher\" content=\"https:\/\/www.facebook.com\/DomaineScheideckeretFils\/?locale=fr_FR\" \/>\n<meta property=\"article:modified_time\" content=\"2026-01-17T09:41:55+00:00\" \/>\n<meta property=\"og:image\" content=\"https:\/\/scheidecker-fils.com\/wp-content\/uploads\/2025\/06\/Pinot-Gris-Reserve.png\" \/>\n\t<meta property=\"og:image:width\" content=\"836\" \/>\n\t<meta property=\"og:image:height\" content=\"1077\" \/>\n\t<meta property=\"og:image:type\" content=\"image\/png\" \/>\n<meta name=\"twitter:card\" content=\"summary_large_image\" \/>\n<meta name=\"twitter:label1\" content=\"Estimated reading time\" \/>\n\t<meta name=\"twitter:data1\" content=\"1 minute\" \/>\n<script type=\"application\/ld+json\" class=\"yoast-schema-graph\">{\"@context\":\"https:\/\/schema.org\",\"@graph\":[{\"@type\":\"WebPage\",\"@id\":\"https:\/\/scheidecker-fils.com\/produit\/pinot-gris-reserve-2023-moelleux\/\",\"url\":\"https:\/\/scheidecker-fils.com\/produit\/pinot-gris-reserve-2023-moelleux\/\",\"name\":\"Pinot Gris R\u00e9serve 2023 - Moelleux - Scheidecker &amp; Fils\",\"isPartOf\":{\"@id\":\"https:\/\/scheidecker-fils.com\/#website\"},\"primaryImageOfPage\":{\"@id\":\"https:\/\/scheidecker-fils.com\/produit\/pinot-gris-reserve-2023-moelleux\/#primaryimage\"},\"image\":{\"@id\":\"https:\/\/scheidecker-fils.com\/produit\/pinot-gris-reserve-2023-moelleux\/#primaryimage\"},\"thumbnailUrl\":\"https:\/\/scheidecker-fils.com\/wp-content\/uploads\/2025\/06\/Pinot-Gris-Reserve.png\",\"datePublished\":\"2025-05-23T10:22:53+00:00\",\"dateModified\":\"2026-01-17T09:41:55+00:00\",\"breadcrumb\":{\"@id\":\"https:\/\/scheidecker-fils.com\/produit\/pinot-gris-reserve-2023-moelleux\/#breadcrumb\"},\"inLanguage\":\"en-GB\",\"potentialAction\":[{\"@type\":\"ReadAction\",\"target\":[\"https:\/\/scheidecker-fils.com\/produit\/pinot-gris-reserve-2023-moelleux\/\"]}]},{\"@type\":\"ImageObject\",\"inLanguage\":\"en-GB\",\"@id\":\"https:\/\/scheidecker-fils.com\/produit\/pinot-gris-reserve-2023-moelleux\/#primaryimage\",\"url\":\"https:\/\/scheidecker-fils.com\/wp-content\/uploads\/2025\/06\/Pinot-Gris-Reserve.png\",\"contentUrl\":\"https:\/\/scheidecker-fils.com\/wp-content\/uploads\/2025\/06\/Pinot-Gris-Reserve.png\",\"width\":836,\"height\":1077},{\"@type\":\"BreadcrumbList\",\"@id\":\"https:\/\/scheidecker-fils.com\/produit\/pinot-gris-reserve-2023-moelleux\/#breadcrumb\",\"itemListElement\":[{\"@type\":\"ListItem\",\"position\":1,\"name\":\"Accueil\",\"item\":\"https:\/\/scheidecker-fils.com\/\"},{\"@type\":\"ListItem\",\"position\":2,\"name\":\"Products\",\"item\":\"http:\/\/scheidecker-fils.com\/en\/shop\/\"},{\"@type\":\"ListItem\",\"position\":3,\"name\":\"Pinot Gris R\u00e9serve 2023 &#8211; Moelleux\"}]},{\"@type\":\"WebSite\",\"@id\":\"https:\/\/scheidecker-fils.com\/#website\",\"url\":\"https:\/\/scheidecker-fils.com\/\",\"name\":\"Scheidecker & Fils - Vins alsaciens\",\"description\":\"Vins d&#039;Alsace\",\"publisher\":{\"@id\":\"https:\/\/scheidecker-fils.com\/#organization\"},\"potentialAction\":[{\"@type\":\"SearchAction\",\"target\":{\"@type\":\"EntryPoint\",\"urlTemplate\":\"https:\/\/scheidecker-fils.com\/?s={search_term_string}\"},\"query-input\":{\"@type\":\"PropertyValueSpecification\",\"valueRequired\":true,\"valueName\":\"search_term_string\"}}],\"inLanguage\":\"en-GB\"},{\"@type\":\"Organization\",\"@id\":\"https:\/\/scheidecker-fils.com\/#organization\",\"name\":\"Scheidecker & Fils - Vins alsaciens\",\"url\":\"https:\/\/scheidecker-fils.com\/\",\"logo\":{\"@type\":\"ImageObject\",\"inLanguage\":\"en-GB\",\"@id\":\"https:\/\/scheidecker-fils.com\/#\/schema\/logo\/image\/\",\"url\":\"https:\/\/scheidecker-fils.com\/wp-content\/uploads\/2025\/05\/Logo-ScheideckerFils-Blanc.png\",\"contentUrl\":\"https:\/\/scheidecker-fils.com\/wp-content\/uploads\/2025\/05\/Logo-ScheideckerFils-Blanc.png\",\"width\":1784,\"height\":759,\"caption\":\"Scheidecker & Fils - Vins alsaciens\"},\"image\":{\"@id\":\"https:\/\/scheidecker-fils.com\/#\/schema\/logo\/image\/\"},\"sameAs\":[\"https:\/\/www.facebook.com\/DomaineScheideckeretFils\/?locale=fr_FR\"]}]}<\/script>\n<!-- \/ Yoast SEO plugin. -->","yoast_head_json":{"title":"Pinot Gris R\u00e9serve 2023 - Moelleux - Scheidecker &amp; Fils","robots":{"index":"index","follow":"follow","max-snippet":"max-snippet:-1","max-image-preview":"max-image-preview:large","max-video-preview":"max-video-preview:-1"},"canonical":"https:\/\/scheidecker-fils.com\/en\/product\/pinot-gris-reserve-2023-moelleux\/","og_locale":"en_GB","og_type":"article","og_title":"Pinot Gris R\u00e9serve 2023 - Moelleux - Scheidecker &amp; Fils","og_description":"AOP ALSACE Il est issu de nos vignes les plus anciennes, dont les racines sont profondes et la production de raisins plus faible. Parfum\u00e9s et concentr\u00e9s, nous r\u00e9coltons ces derniers en l\u00e9g\u00e8re surmaturit\u00e9 afin d\u2019obtenir une juste \u00e9quilibre entre rondeur et fra\u00eecheur. D\u00c9GUSTATION Belle robe jaune dor\u00e9 Bouquet tout en rondeur \u00e9voquant les fruits m\u00fbrs [&hellip;]","og_url":"https:\/\/scheidecker-fils.com\/en\/product\/pinot-gris-reserve-2023-moelleux\/","og_site_name":"Scheidecker &amp; Fils","article_publisher":"https:\/\/www.facebook.com\/DomaineScheideckeretFils\/?locale=fr_FR","article_modified_time":"2026-01-17T09:41:55+00:00","og_image":[{"width":836,"height":1077,"url":"https:\/\/scheidecker-fils.com\/wp-content\/uploads\/2025\/06\/Pinot-Gris-Reserve.png","type":"image\/png"}],"twitter_card":"summary_large_image","twitter_misc":{"Estimated reading time":"1 minute"},"schema":{"@context":"https:\/\/schema.org","@graph":[{"@type":"WebPage","@id":"https:\/\/scheidecker-fils.com\/produit\/pinot-gris-reserve-2023-moelleux\/","url":"https:\/\/scheidecker-fils.com\/produit\/pinot-gris-reserve-2023-moelleux\/","name":"Pinot Gris R\u00e9serve 2023 - Moelleux - Scheidecker &amp; Fils","isPartOf":{"@id":"https:\/\/scheidecker-fils.com\/#website"},"primaryImageOfPage":{"@id":"https:\/\/scheidecker-fils.com\/produit\/pinot-gris-reserve-2023-moelleux\/#primaryimage"},"image":{"@id":"https:\/\/scheidecker-fils.com\/produit\/pinot-gris-reserve-2023-moelleux\/#primaryimage"},"thumbnailUrl":"https:\/\/scheidecker-fils.com\/wp-content\/uploads\/2025\/06\/Pinot-Gris-Reserve.png","datePublished":"2025-05-23T10:22:53+00:00","dateModified":"2026-01-17T09:41:55+00:00","breadcrumb":{"@id":"https:\/\/scheidecker-fils.com\/produit\/pinot-gris-reserve-2023-moelleux\/#breadcrumb"},"inLanguage":"en-GB","potentialAction":[{"@type":"ReadAction","target":["https:\/\/scheidecker-fils.com\/produit\/pinot-gris-reserve-2023-moelleux\/"]}]},{"@type":"ImageObject","inLanguage":"en-GB","@id":"https:\/\/scheidecker-fils.com\/produit\/pinot-gris-reserve-2023-moelleux\/#primaryimage","url":"https:\/\/scheidecker-fils.com\/wp-content\/uploads\/2025\/06\/Pinot-Gris-Reserve.png","contentUrl":"https:\/\/scheidecker-fils.com\/wp-content\/uploads\/2025\/06\/Pinot-Gris-Reserve.png","width":836,"height":1077},{"@type":"BreadcrumbList","@id":"https:\/\/scheidecker-fils.com\/produit\/pinot-gris-reserve-2023-moelleux\/#breadcrumb","itemListElement":[{"@type":"ListItem","position":1,"name":"Accueil","item":"https:\/\/scheidecker-fils.com\/"},{"@type":"ListItem","position":2,"name":"Products","item":"http:\/\/scheidecker-fils.com\/en\/shop\/"},{"@type":"ListItem","position":3,"name":"Pinot Gris R\u00e9serve 2023 &#8211; Moelleux"}]},{"@type":"WebSite","@id":"https:\/\/scheidecker-fils.com\/#website","url":"https:\/\/scheidecker-fils.com\/","name":"Scheidecker & Fils - Vins alsaciens","description":"Vins d&#039;Alsace","publisher":{"@id":"https:\/\/scheidecker-fils.com\/#organization"},"potentialAction":[{"@type":"SearchAction","target":{"@type":"EntryPoint","urlTemplate":"https:\/\/scheidecker-fils.com\/?s={search_term_string}"},"query-input":{"@type":"PropertyValueSpecification","valueRequired":true,"valueName":"search_term_string"}}],"inLanguage":"en-GB"},{"@type":"Organization","@id":"https:\/\/scheidecker-fils.com\/#organization","name":"Scheidecker & Fils - Vins alsaciens","url":"https:\/\/scheidecker-fils.com\/","logo":{"@type":"ImageObject","inLanguage":"en-GB","@id":"https:\/\/scheidecker-fils.com\/#\/schema\/logo\/image\/","url":"https:\/\/scheidecker-fils.com\/wp-content\/uploads\/2025\/05\/Logo-ScheideckerFils-Blanc.png","contentUrl":"https:\/\/scheidecker-fils.com\/wp-content\/uploads\/2025\/05\/Logo-ScheideckerFils-Blanc.png","width":1784,"height":759,"caption":"Scheidecker & Fils - Vins alsaciens"},"image":{"@id":"https:\/\/scheidecker-fils.com\/#\/schema\/logo\/image\/"},"sameAs":["https:\/\/www.facebook.com\/DomaineScheideckeretFils\/?locale=fr_FR"]}]}},"jetpack_sharing_enabled":true,"_links":{"self":[{"href":"http:\/\/scheidecker-fils.com\/en\/wp-json\/wp\/v2\/product\/395","targetHints":{"allow":["GET"]}}],"collection":[{"href":"http:\/\/scheidecker-fils.com\/en\/wp-json\/wp\/v2\/product"}],"about":[{"href":"http:\/\/scheidecker-fils.com\/en\/wp-json\/wp\/v2\/types\/product"}],"replies":[{"embeddable":true,"href":"http:\/\/scheidecker-fils.com\/en\/wp-json\/wp\/v2\/comments?post=395"}],"wp:featuredmedia":[{"embeddable":true,"href":"http:\/\/scheidecker-fils.com\/en\/wp-json\/wp\/v2\/media\/833"}],"wp:attachment":[{"href":"http:\/\/scheidecker-fils.com\/en\/wp-json\/wp\/v2\/media?parent=395"}],"wp:term":[{"taxonomy":"product_brand","embeddable":true,"href":"http:\/\/scheidecker-fils.com\/en\/wp-json\/wp\/v2\/product_brand?post=395"},{"taxonomy":"product_cat","embeddable":true,"href":"http:\/\/scheidecker-fils.com\/en\/wp-json\/wp\/v2\/product_cat?post=395"},{"taxonomy":"product_tag","embeddable":true,"href":"http:\/\/scheidecker-fils.com\/en\/wp-json\/wp\/v2\/product_tag?post=395"}],"curies":[{"name":"wp","href":"https:\/\/api.w.org\/{rel}","templated":true}]}}